{"id":416,"date":"2022-09-15T09:28:46","date_gmt":"2022-09-15T07:28:46","guid":{"rendered":"https:\/\/www.armonibre.com\/bienvenidos\/"},"modified":"2023-06-13T19:33:33","modified_gmt":"2023-06-13T17:33:33","slug":"bienvenidos","status":"publish","type":"page","link":"https:\/\/www.armonibre.com\/es\/","title":{"rendered":"Bienvenidos"},"content":{"rendered":"<div id=\"pl-416\"  class=\"panel-layout\" ><div id=\"pg-416-0\"  class=\"panel-grid panel-has-style\" ><div class=\"siteorigin-panels-stretch panel-row-style panel-row-style-for-416-0\" data-stretch-type=\"full-stretched\" ><div id=\"pgc-416-0-0\"  class=\"panel-grid-cell\" ><div id=\"panel-416-0-0-0\" class=\"so-panel widget widget_sow-hero panel-first-child panel-last-child\" data-index=\"0\" ><div\n\t\t\t\n\t\t\tclass=\"so-widget-sow-hero so-widget-sow-hero-default-a5c6cda3aae1-416 so-widget-fittext-wrapper\"\n\t\t\t data-fit-text-compressor=\"0.85\"\n\t\t>\t\t\t\t<div class=\"sow-slider-base\" style=\"display: none\" tabindex=\"0\">\n\t\t\t\t\t<ul\n\t\t\t\t\tclass=\"sow-slider-images\"\n\t\t\t\t\tdata-settings=\"{&quot;pagination&quot;:true,&quot;speed&quot;:800,&quot;timeout&quot;:8000,&quot;paused&quot;:false,&quot;pause_on_hover&quot;:false,&quot;swipe&quot;:true,&quot;nav_always_show_desktop&quot;:&quot;&quot;,&quot;nav_always_show_mobile&quot;:&quot;&quot;,&quot;breakpoint&quot;:&quot;780px&quot;,&quot;unmute&quot;:false,&quot;anchor&quot;:null}\"\n\t\t\t\t\tstyle=\"min-height: 830px\"\t\t\t\t\tdata-anchor-id=\"\"\n\t\t\t\t>\t\t<li class=\"sow-slider-image  sow-slider-image-cover\" style=\"visibility: visible;;background-color: #413c35\" >\n\t\t\t\t\t<div class=\"sow-slider-image-container\">\n\t\t\t<div class=\"sow-slider-image-wrapper\">\n\t\t\t\t<h1 style=\"text-align: center\">armonibre-equilibrio<\/h1>\n<p style=\"text-align: center\">\n<\/p>\t\t\t<\/div>\n\t\t<\/div>\n\t\t<div class=\"sow-slider-image-overlay sow-slider-image-cover\" style=\"opacity: 0.75;background-image: url(https:\/\/www.armonibre.com\/wp-content\/uploads\/2022\/10\/NATHALIE-HERREN-SITE-1900X800-01.tif-scaled.jpg)\"  ><\/div>\t\t<\/li>\n\t\t<\/ul>\t\t\t\t<ol class=\"sow-slider-pagination\">\n\t\t\t\t\t\t\t\t\t\t\t<li><a href=\"#\" data-goto=\"0\" aria-label=\"mostrar diapositiva 1\"><\/a><\/li>\n\t\t\t\t\t\t\t\t\t<\/ol>\n\n\t\t\t\t<div class=\"sow-slide-nav sow-slide-nav-next\">\n\t\t\t\t\t<a href=\"#\" data-goto=\"next\" aria-label=\"diapositiva siguiente\" data-action=\"next\">\n\t\t\t\t\t\t<em class=\"sow-sld-icon-thin-right\"><\/em>\n\t\t\t\t\t<\/a>\n\t\t\t\t<\/div>\n\n\t\t\t\t<div class=\"sow-slide-nav sow-slide-nav-prev\">\n\t\t\t\t\t<a href=\"#\" data-goto=\"previous\" aria-label=\"diapositiva anterior\" data-action=\"prev\">\n\t\t\t\t\t\t<em class=\"sow-sld-icon-thin-left\"><\/em>\n\t\t\t\t\t<\/a>\n\t\t\t\t<\/div>\n\t\t\t\t<\/div><\/div><\/div><\/div><\/div><\/div><div id=\"pg-416-1\"  class=\"panel-grid panel-no-style\" ><div id=\"pgc-416-1-0\"  class=\"panel-grid-cell\" ><div id=\"panel-416-1-0-0\" class=\"so-panel widget widget_sow-headline panel-first-child panel-last-child\" data-index=\"1\" ><div\n\t\t\t\n\t\t\tclass=\"so-widget-sow-headline so-widget-sow-headline-default-21444e1bad3d-416\"\n\t\t\t\n\t\t><div class=\"sow-headline-container \">\n\t\t\t\t\t\t\t<h2 class=\"sow-headline\">\n\t\t\t\t\t\tBienvenidos\t\t\t\t\t\t<\/h2>\n\t\t\t\t\t\t\t\t\t\t\t<div class=\"decoration\">\n\t\t\t\t\t\t<div class=\"decoration-inside\"><\/div>\n\t\t\t\t\t<\/div>\n\t\t\t\t\t<\/div>\n<\/div><\/div><\/div><\/div><div id=\"pg-416-2\"  class=\"panel-grid panel-no-style\" ><div id=\"pgc-416-2-0\"  class=\"panel-grid-cell\" ><div id=\"panel-416-2-0-0\" class=\"so-panel widget widget_sow-editor panel-first-child panel-last-child\" data-index=\"2\" ><div class=\"arm-bt-1 panel-widget-style panel-widget-style-for-416-2-0-0\" ><div\n\t\t\t\n\t\t\tclass=\"so-widget-sow-editor so-widget-sow-editor-base\"\n\t\t\t\n\t\t>\n<div class=\"siteorigin-widget-tinymce textwidget\">\n\t<p>En los a\u00f1os 2000 en el marco de un curso de formaci\u00f3n de voluntarios para la protecci\u00f3n de los defensores de derechos humanos en Colombia, durante un juego de roles en el curso de introducci\u00f3n a la mediaci\u00f3n qued\u00e9 impactada por la fuerza del \u201cmomentum\u201c, ese instante catalizador provocado por el mediador que permiti\u00f3 a dos hermanos encontrar una emoci\u00f3n positiva y una conexi\u00f3n para avanzar en la sucesi\u00f3n del padre. A partir de all\u00ed, decid\u00ed profundizar mis conocimientos en el proceso y la deontolog\u00eda de la mediaci\u00f3n para ofrecer este servicio a todas las personas y entidades deseosas de encontrar una respuesta a una problem\u00e1tica.<\/p>\n<p>Establecida en Suiza francesa (Vaud, oficinas y asociados en Ginebra, Neuch\u00e2tel, eventualmente Montreal) , mandatos en l\u00ednea en el mundo entero.<\/p>\n<\/div>\n<\/div><\/div><\/div><\/div><\/div><div id=\"pg-416-3\"  class=\"panel-grid panel-no-style\" ><div id=\"pgc-416-3-0\"  class=\"panel-grid-cell\" ><div id=\"panel-416-3-0-0\" class=\"so-panel widget widget_sow-features panel-first-child panel-last-child\" data-index=\"3\" ><div\n\t\t\t\n\t\t\tclass=\"so-widget-sow-features so-widget-sow-features-default-cbb4559f4d77-416\"\n\t\t\t\n\t\t><ul\n\tclass=\"sow-features-list\n\tsow-features-responsive\">\n\n\t\t\t<li\n\t\t\tclass=\"sow-features-feature sow-icon-container-position-top\"\n\t\t\tstyle=\"display: flex; flex-direction: column; width: calc(33.333% - 25px);\"\n\t\t>\n\t\t\t\n\t\t\t\t\t\t<a\t\t\t\tclass=\"sow-icon-container sow-container-none\"\n\t\t\t\tstyle=\"color: #404040; \"\n\t\t\t\ttitle=\"Mediaci\u00f3n\"\n\t\t\t\t\t\t\t\t\thref=\"https:\/\/www.armonibre.com\/es\/servicios\/mediacion\/\"\n\t\t\t\t\t\t\t\t>\n\t\t\t\t<span class=\"sow-icon-fontawesome sow-far\" data-sow-icon=\"&#xf086;\"\n\t\tstyle=\"font-size: 72px; color: #005ca7\" \n\t\taria-hidden=\"true\"><\/span>\t\t\t<\/a>\n\n\t\t\t<div class=\"textwidget\">\n\t\t\t\t\n\t\t\t\t\t\t\t\t\t<h5 class=\"sow-features-feature-title\">\n\t\t\t\t\t\tMediaci\u00f3n\t\t\t\t\t<\/h5>\n\t\t\t\t\n\t\t\t\t\t\t\t\t\t<div class=\"sow-features-feature-text\">\n\t\t\t\t\t<p>\u00bfUd. Tiene un conflicto con colegas dentro de su organizaci\u00f3n ? \u00bfDesea mejorar la relaci\u00f3n con sus asociados y clientes ?<\/p>\n<p>\u00bfDesea iniciar un nuevo proyecto ? Le ofrecemos nuestra experiencia en mediaci\u00f3n en el \u00e1mbito laboral, comercial y general.<\/p>\n\t\t\t\t\t<\/div>\n\t\t\t\t\t\t\t\t<\/div>\n\t\t\t\t\t\t\t\t<\/li>\n\n\t\t\t<li\n\t\t\tclass=\"sow-features-feature sow-icon-container-position-top\"\n\t\t\tstyle=\"display: flex; flex-direction: column; width: calc(33.333% - 25px);\"\n\t\t>\n\t\t\t\n\t\t\t\t\t\t<a\t\t\t\tclass=\"sow-icon-container sow-container-none\"\n\t\t\t\tstyle=\"color: #404040; \"\n\t\t\t\ttitle=\"Formaci\u00f3n\"\n\t\t\t\t\t\t\t\t\thref=\"https:\/\/www.armonibre.com\/es\/servicios\/formacion\/\"\n\t\t\t\t\t\t\t\t>\n\t\t\t\t<span class=\"sow-icon-fontawesome sow-fas\" data-sow-icon=\"&#xf5da;\"\n\t\tstyle=\"font-size: 72px; color: #005ca7\" \n\t\taria-hidden=\"true\"><\/span>\t\t\t<\/a>\n\n\t\t\t<div class=\"textwidget\">\n\t\t\t\t\n\t\t\t\t\t\t\t\t\t<h5 class=\"sow-features-feature-title\">\n\t\t\t\t\t\tFormaci\u00f3n\t\t\t\t\t<\/h5>\n\t\t\t\t\n\t\t\t\t\t\t\t\t\t<div class=\"sow-features-feature-text\">\n\t\t\t\t\t<p>\u00bfDesea prevenir los conflictos en el seno de su equipo ? \u00bfTiene Ud. que tratar con personas que tienen dificultades ? \u00bfDesear\u00eda mejorar su comportamiento tanto en su vida privada como profesional ?<\/p>\n<p>Nosotros lo formamos en t\u00e9cnicas de comunicaci\u00f3n no violentas, de mediaci\u00f3n y de gesti\u00f3n (prevenci\u00f3n y resoluci\u00f3n constructiva) de conflicto.<\/p>\n<p>&nbsp;<\/p>\n\t\t\t\t\t<\/div>\n\t\t\t\t\t\t\t\t<\/div>\n\t\t\t\t\t\t\t\t<\/li>\n\n\t\t\t<li\n\t\t\tclass=\"sow-features-feature sow-icon-container-position-top\"\n\t\t\tstyle=\"display: flex; flex-direction: column; width: calc(33.333% - 25px);\"\n\t\t>\n\t\t\t\n\t\t\t\t\t\t<a\t\t\t\tclass=\"sow-icon-container sow-container-none\"\n\t\t\t\tstyle=\"color: #404040; \"\n\t\t\t\ttitle=\"Consejo\"\n\t\t\t\t\t\t\t\t\thref=\"https:\/\/www.armonibre.com\/es\/servicios\/consejo\/\"\n\t\t\t\t\t\t\t\t>\n\t\t\t\t<span class=\"sow-icon-fontawesome sow-fas\" data-sow-icon=\"&#xe064;\"\n\t\tstyle=\"font-size: 72px; color: #005ca7\" \n\t\taria-hidden=\"true\"><\/span>\t\t\t<\/a>\n\n\t\t\t<div class=\"textwidget\">\n\t\t\t\t\n\t\t\t\t\t\t\t\t\t<h5 class=\"sow-features-feature-title\">\n\t\t\t\t\t\tConsejo\t\t\t\t\t<\/h5>\n\t\t\t\t\n\t\t\t\t\t\t\t\t\t<div class=\"sow-features-feature-text\">\n\t\t\t\t\t<p>\u00bfNecesita un consultor en una zona de conflicto o en el seno de un equipo durante un breve per\u00edodo ?<br \/>\n\u00bfTiene un mandato espec\u00edfico concerniente a la estrategia de gesti\u00f3n de proyectos ?<\/p>\n<p>Le aportaremos nuestra experiencia en facilitaci\u00f3n, negociaci\u00f3n, gobernanza y observaci\u00f3n para misiones o mandatos en el \u00e1mbito de la seguridad humana y las asociaciones comerciales.<\/p>\n\t\t\t\t\t<\/div>\n\t\t\t\t\t\t\t\t<\/div>\n\t\t\t\t\t\t\t\t<\/li>\n\n\t<\/ul>\n<\/div><\/div><\/div><\/div><\/div>","protected":false},"excerpt":{"rendered":"<p>armonibre-equilibrio Bienvenidos En los a\u00f1os 2000 en el marco de un curso de formaci\u00f3n de voluntarios para la protecci\u00f3n de los defensores de derechos humanos en Colombia, durante un juego de roles en el curso de introducci\u00f3n a la mediaci\u00f3n qued\u00e9 impactada por la fuerza del \u201cmomentum\u201c, ese instante catalizador provocado por el mediador que [&hellip;]<\/p>\n","protected":false},"author":1,"featured_media":0,"parent":0,"menu_order":0,"comment_status":"closed","ping_status":"open","template":"","meta":{"footnotes":""},"class_list":["post-416","page","type-page","status-publish","hentry","post"],"_links":{"self":[{"href":"https:\/\/www.armonibre.com\/es\/wp-json\/wp\/v2\/pages\/416","targetHints":{"allow":["GET"]}}],"collection":[{"href":"https:\/\/www.armonibre.com\/es\/wp-json\/wp\/v2\/pages"}],"about":[{"href":"https:\/\/www.armonibre.com\/es\/wp-json\/wp\/v2\/types\/page"}],"author":[{"embeddable":true,"href":"https:\/\/www.armonibre.com\/es\/wp-json\/wp\/v2\/users\/1"}],"replies":[{"embeddable":true,"href":"https:\/\/www.armonibre.com\/es\/wp-json\/wp\/v2\/comments?post=416"}],"version-history":[{"count":11,"href":"https:\/\/www.armonibre.com\/es\/wp-json\/wp\/v2\/pages\/416\/revisions"}],"predecessor-version":[{"id":479,"href":"https:\/\/www.armonibre.com\/es\/wp-json\/wp\/v2\/pages\/416\/revisions\/479"}],"wp:attachment":[{"href":"https:\/\/www.armonibre.com\/es\/wp-json\/wp\/v2\/media?parent=416"}],"curies":[{"name":"wp","href":"https:\/\/api.w.org\/{rel}","templated":true}]}}