{"id":425,"date":"2023-02-03T16:41:50","date_gmt":"2023-02-03T15:41:50","guid":{"rendered":"https:\/\/www.armonibre.com\/mediacion\/"},"modified":"2023-06-13T19:43:17","modified_gmt":"2023-06-13T17:43:17","slug":"mediacion","status":"publish","type":"page","link":"https:\/\/www.armonibre.com\/es\/mediacion\/","title":{"rendered":"Mediaci\u00f3n"},"content":{"rendered":"<div id=\"pl-425\"  class=\"panel-layout\" ><div id=\"pg-425-0\"  class=\"panel-grid panel-has-style\" ><div class=\"siteorigin-panels-stretch panel-row-style panel-row-style-for-425-0\" data-stretch-type=\"full-stretched-padded\" ><div id=\"pgc-425-0-0\"  class=\"panel-grid-cell\" ><div id=\"panel-425-0-0-0\" class=\"so-panel widget widget_sow-hero panel-first-child panel-last-child\" data-index=\"0\" ><div\n\t\t\t\n\t\t\tclass=\"so-widget-sow-hero so-widget-sow-hero-default-4572722c7afe-425 so-widget-fittext-wrapper\"\n\t\t\t data-fit-text-compressor=\"0.85\"\n\t\t>\t\t\t\t<div class=\"sow-slider-base\" style=\"display: none\" tabindex=\"0\">\n\t\t\t\t\t<ul\n\t\t\t\t\tclass=\"sow-slider-images\"\n\t\t\t\t\tdata-settings=\"{&quot;pagination&quot;:true,&quot;speed&quot;:800,&quot;timeout&quot;:8000,&quot;paused&quot;:false,&quot;pause_on_hover&quot;:false,&quot;swipe&quot;:true,&quot;nav_always_show_desktop&quot;:&quot;&quot;,&quot;nav_always_show_mobile&quot;:&quot;&quot;,&quot;breakpoint&quot;:&quot;780px&quot;,&quot;unmute&quot;:false,&quot;anchor&quot;:null}\"\n\t\t\t\t\tstyle=\"min-height: 400px\"\t\t\t\t\tdata-anchor-id=\"\"\n\t\t\t\t>\t\t<li class=\"sow-slider-image  sow-slider-image-cover\" style=\"visibility: visible;;background-color: #333333\" >\n\t\t\t\t\t<div class=\"sow-slider-image-container\">\n\t\t\t<div class=\"sow-slider-image-wrapper\">\n\t\t\t\t<h1 style=\"text-align: center\">Mediaci\u00f3n<\/h1>\n<h3 style=\"text-align: center\">\u00bfQu\u00e9 hacer cuando una situaci\u00f3n parece no tener salida?<\/h3>\n\t\t\t<\/div>\n\t\t<\/div>\n\t\t<div class=\"sow-slider-image-overlay sow-slider-image-cover\" style=\"opacity: 0.75;background-image: url(https:\/\/www.armonibre.com\/wp-content\/uploads\/2023\/02\/NATHALIE-HERREN-35.jpg)\"  ><\/div>\t\t<\/li>\n\t\t<\/ul>\t\t\t\t<ol class=\"sow-slider-pagination\">\n\t\t\t\t\t\t\t\t\t\t\t<li><a href=\"#\" data-goto=\"0\" aria-label=\"mostrar diapositiva 1\"><\/a><\/li>\n\t\t\t\t\t\t\t\t\t<\/ol>\n\n\t\t\t\t<div class=\"sow-slide-nav sow-slide-nav-next\">\n\t\t\t\t\t<a href=\"#\" data-goto=\"next\" aria-label=\"diapositiva siguiente\" data-action=\"next\">\n\t\t\t\t\t\t<em class=\"sow-sld-icon-thin-right\"><\/em>\n\t\t\t\t\t<\/a>\n\t\t\t\t<\/div>\n\n\t\t\t\t<div class=\"sow-slide-nav sow-slide-nav-prev\">\n\t\t\t\t\t<a href=\"#\" data-goto=\"previous\" aria-label=\"diapositiva anterior\" data-action=\"prev\">\n\t\t\t\t\t\t<em class=\"sow-sld-icon-thin-left\"><\/em>\n\t\t\t\t\t<\/a>\n\t\t\t\t<\/div>\n\t\t\t\t<\/div><\/div><\/div><\/div><\/div><\/div><div id=\"pg-425-1\"  class=\"panel-grid panel-no-style\" ><div id=\"pgc-425-1-0\"  class=\"panel-grid-cell\" ><div id=\"panel-425-1-0-0\" class=\"so-panel widget widget_sow-headline panel-first-child panel-last-child\" data-index=\"1\" ><div\n\t\t\t\n\t\t\tclass=\"so-widget-sow-headline so-widget-sow-headline-default-38a7b086481a-425\"\n\t\t\t\n\t\t><div class=\"sow-headline-container \">\n\t\t\t\t\t\t\t<h2 class=\"sow-headline\">\n\t\t\t\t\t\t\u00bfQu\u00e9 es la mediaci\u00f3n ?\t\t\t\t\t\t<\/h2>\n\t\t\t\t\t\t\t\t\t\t\t<div class=\"decoration\">\n\t\t\t\t\t\t<div class=\"decoration-inside\"><\/div>\n\t\t\t\t\t<\/div>\n\t\t\t\t\t<\/div>\n<\/div><\/div><\/div><\/div><div id=\"pg-425-2\"  class=\"panel-grid panel-no-style\" ><div id=\"pgc-425-2-0\"  class=\"panel-grid-cell\" ><div id=\"panel-425-2-0-0\" class=\"so-panel widget widget_sow-editor panel-first-child panel-last-child\" data-index=\"2\" ><div class=\"arm-bt-1 panel-widget-style panel-widget-style-for-425-2-0-0\" ><div\n\t\t\t\n\t\t\tclass=\"so-widget-sow-editor so-widget-sow-editor-base\"\n\t\t\t\n\t\t>\n<div class=\"siteorigin-widget-tinymce textwidget\">\n\t<p>La mediaci\u00f3n, seg\u00fan Mich\u00e8le Guillaume-Hoffnung, es un proceso de comunicaci\u00f3n \u00e9tico que favorece el saber \u00ab hacer juntos \u00bb. Puede aplicarse en \u00e1mbitos como el trabajo, la salud o la pol\u00edtica.<\/p>\n<p>Este proceso reposa sobre la responsabilidad y la autonom\u00eda de los participantes, en el que un tercero imparcial, independiente y neutral, favorece a trav\u00e9s de reuniones confidenciales el establecimiento o restablecimiento del v\u00ednculo social (familia, empresa, vecindario, etc.), la prevenci\u00f3n o la resoluci\u00f3n de la situaci\u00f3n en cuesti\u00f3n.<\/p>\n<p>La filosof\u00eda de la mediaci\u00f3n comprende el sentido de la complejidad de los comportamientos humanos y va m\u00e1s all\u00e1 del mantra: \u201c ganar-ganar \u201c ; la resoluci\u00f3n de conflictos no es que una rama de la mediaci\u00f3n, comprendiendo, entre otras, la creaci\u00f3n, recreaci\u00f3n del v\u00ednculo social y la prevenci\u00f3n del conflicto. Ella va m\u00e1s all\u00e1 de la conciliaci\u00f3n o regulaci\u00f3n institucional, todo esto respetando la totalidad de garant\u00edas deontol\u00f3gicas.<\/p>\n<p>Yo los acompa\u00f1o a posiblemente cambiar de actitud reflexionando al por qu\u00e9, a qu\u00e9 y c\u00f3mo, salir de sus posiciones para entender sus respectivos intereses a los fines que Ustedes propongan un acuerdo que los satisfaga mutualmente y sea perenne. Un plan de acci\u00f3n es elaborado a partir de las necesidades de cada uno y en co-construcci\u00f3n creativa, siempre cuestion\u00e1ndose y, en principio, sin tomar parte en la soluci\u00f3n. Por lo general, del acuerdo se encargar\u00e1n sus abogados, de conformidad con la ley y el orden p\u00fablico. El acuerdo puede hacerse por escrito.<\/p>\n<\/div>\n<\/div><\/div><\/div><\/div><div id=\"pgc-425-2-1\"  class=\"panel-grid-cell\" ><div id=\"panel-425-2-1-0\" class=\"so-panel widget widget_sow-image panel-first-child panel-last-child\" data-index=\"3\" ><div\n\t\t\t\n\t\t\tclass=\"so-widget-sow-image so-widget-sow-image-default-8b5b6f678277-425\"\n\t\t\t\n\t\t>\n<div class=\"sow-image-container\">\n\t\t<img \n\tsrc=\"https:\/\/www.armonibre.com\/wp-content\/uploads\/2023\/02\/NATHALIE-HERREN-36.jpg\" width=\"667\" height=\"1000\" srcset=\"https:\/\/www.armonibre.com\/wp-content\/uploads\/2023\/02\/NATHALIE-HERREN-36.jpg 667w, https:\/\/www.armonibre.com\/wp-content\/uploads\/2023\/02\/NATHALIE-HERREN-36-200x300.jpg 200w\" sizes=\"(max-width: 667px) 100vw, 667px\" title=\"NATHALIE HERREN 36\" alt=\"\" \t\tclass=\"so-widget-image\"\/>\n\t<\/div>\n\n<\/div><\/div><\/div><\/div><\/div>","protected":false},"excerpt":{"rendered":"<p>Mediaci\u00f3n \u00bfQu\u00e9 hacer cuando una situaci\u00f3n parece no tener salida? \u00bfQu\u00e9 es la mediaci\u00f3n ? La mediaci\u00f3n, seg\u00fan Mich\u00e8le Guillaume-Hoffnung, es un proceso de comunicaci\u00f3n \u00e9tico que favorece el saber \u00ab hacer juntos \u00bb. Puede aplicarse en \u00e1mbitos como el trabajo, la salud o la pol\u00edtica. Este proceso reposa sobre la responsabilidad y la autonom\u00eda [&hellip;]<\/p>\n","protected":false},"author":1,"featured_media":0,"parent":0,"menu_order":0,"comment_status":"closed","ping_status":"closed","template":"","meta":{"footnotes":""},"class_list":["post-425","page","type-page","status-publish","hentry","post"],"_links":{"self":[{"href":"https:\/\/www.armonibre.com\/es\/wp-json\/wp\/v2\/pages\/425","targetHints":{"allow":["GET"]}}],"collection":[{"href":"https:\/\/www.armonibre.com\/es\/wp-json\/wp\/v2\/pages"}],"about":[{"href":"https:\/\/www.armonibre.com\/es\/wp-json\/wp\/v2\/types\/page"}],"author":[{"embeddable":true,"href":"https:\/\/www.armonibre.com\/es\/wp-json\/wp\/v2\/users\/1"}],"replies":[{"embeddable":true,"href":"https:\/\/www.armonibre.com\/es\/wp-json\/wp\/v2\/comments?post=425"}],"version-history":[{"count":5,"href":"https:\/\/www.armonibre.com\/es\/wp-json\/wp\/v2\/pages\/425\/revisions"}],"predecessor-version":[{"id":493,"href":"https:\/\/www.armonibre.com\/es\/wp-json\/wp\/v2\/pages\/425\/revisions\/493"}],"wp:attachment":[{"href":"https:\/\/www.armonibre.com\/es\/wp-json\/wp\/v2\/media?parent=425"}],"curies":[{"name":"wp","href":"https:\/\/api.w.org\/{rel}","templated":true}]}}