{"id":431,"date":"2023-03-10T18:43:28","date_gmt":"2023-03-10T17:43:28","guid":{"rendered":"https:\/\/www.armonibre.com\/servicios\/mediacion\/"},"modified":"2023-06-13T19:45:22","modified_gmt":"2023-06-13T17:45:22","slug":"mediacion","status":"publish","type":"page","link":"https:\/\/www.armonibre.com\/es\/servicios\/mediacion\/","title":{"rendered":"Mediaci\u00f3n"},"content":{"rendered":"<div id=\"pl-431\"  class=\"panel-layout\" ><div id=\"pg-431-0\"  class=\"panel-grid panel-has-style\" ><div class=\"siteorigin-panels-stretch panel-row-style panel-row-style-for-431-0\" data-stretch-type=\"full-stretched-padded\" ><div id=\"pgc-431-0-0\"  class=\"panel-grid-cell\" ><div id=\"panel-431-0-0-0\" class=\"so-panel widget widget_sow-hero panel-first-child panel-last-child\" data-index=\"0\" ><div\n\t\t\t\n\t\t\tclass=\"so-widget-sow-hero so-widget-sow-hero-default-4572722c7afe-431 so-widget-fittext-wrapper\"\n\t\t\t data-fit-text-compressor=\"0.85\"\n\t\t>\t\t\t\t<div class=\"sow-slider-base\" style=\"display: none\" tabindex=\"0\">\n\t\t\t\t\t<ul\n\t\t\t\t\tclass=\"sow-slider-images\"\n\t\t\t\t\tdata-settings=\"{&quot;pagination&quot;:true,&quot;speed&quot;:800,&quot;timeout&quot;:8000,&quot;paused&quot;:false,&quot;pause_on_hover&quot;:false,&quot;swipe&quot;:true,&quot;nav_always_show_desktop&quot;:&quot;&quot;,&quot;nav_always_show_mobile&quot;:&quot;&quot;,&quot;breakpoint&quot;:&quot;780px&quot;,&quot;unmute&quot;:false,&quot;anchor&quot;:null}\"\n\t\t\t\t\tstyle=\"min-height: 400px\"\t\t\t\t\tdata-anchor-id=\"\"\n\t\t\t\t>\t\t<li class=\"sow-slider-image  sow-slider-image-cover\" style=\"visibility: visible;;background-color: #333333\" >\n\t\t\t\t\t<div class=\"sow-slider-image-container\">\n\t\t\t<div class=\"sow-slider-image-wrapper\">\n\t\t\t\t<h1 style=\"text-align: center\">Servicios de mediaci\u00f3n<\/h1>\n<h3 style=\"text-align: center\"><\/h3>\n\t\t\t<\/div>\n\t\t<\/div>\n\t\t<div class=\"sow-slider-image-overlay sow-slider-image-cover\" style=\"opacity: 0.68;background-image: url(https:\/\/www.armonibre.com\/wp-content\/uploads\/2023\/02\/NATHALIE-HERREN-26.jpg)\"  ><\/div>\t\t<\/li>\n\t\t<\/ul>\t\t\t\t<ol class=\"sow-slider-pagination\">\n\t\t\t\t\t\t\t\t\t\t\t<li><a href=\"#\" data-goto=\"0\" aria-label=\"mostrar diapositiva 1\"><\/a><\/li>\n\t\t\t\t\t\t\t\t\t<\/ol>\n\n\t\t\t\t<div class=\"sow-slide-nav sow-slide-nav-next\">\n\t\t\t\t\t<a href=\"#\" data-goto=\"next\" aria-label=\"diapositiva siguiente\" data-action=\"next\">\n\t\t\t\t\t\t<em class=\"sow-sld-icon-thin-right\"><\/em>\n\t\t\t\t\t<\/a>\n\t\t\t\t<\/div>\n\n\t\t\t\t<div class=\"sow-slide-nav sow-slide-nav-prev\">\n\t\t\t\t\t<a href=\"#\" data-goto=\"previous\" aria-label=\"diapositiva anterior\" data-action=\"prev\">\n\t\t\t\t\t\t<em class=\"sow-sld-icon-thin-left\"><\/em>\n\t\t\t\t\t<\/a>\n\t\t\t\t<\/div>\n\t\t\t\t<\/div><\/div><\/div><\/div><\/div><\/div><div id=\"pg-431-1\"  class=\"panel-grid panel-no-style\" ><div id=\"pgc-431-1-0\"  class=\"panel-grid-cell\" ><div id=\"panel-431-1-0-0\" class=\"so-panel widget widget_sow-headline panel-first-child panel-last-child\" data-index=\"1\" ><div\n\t\t\t\n\t\t\tclass=\"so-widget-sow-headline so-widget-sow-headline-default-461f0c2170f5-431\"\n\t\t\t\n\t\t><div class=\"sow-headline-container \">\n\t\t\t\t\t\t\t<h2 class=\"sow-headline\">\n\t\t\t\t\t\tPara las empresas\t\t\t\t\t\t<\/h2>\n\t\t\t\t\t\t\t\t\t\t\t\t<h3 class=\"sow-sub-headline\">\n\t\t\t\t\t\tDiversos servicios ofrecidos\t\t\t\t\t\t<\/h3>\n\t\t\t\t\t\t\t\t\t\t\t<div class=\"decoration\">\n\t\t\t\t\t\t<div class=\"decoration-inside\"><\/div>\n\t\t\t\t\t<\/div>\n\t\t\t\t\t<\/div>\n<\/div><\/div><\/div><\/div><div id=\"pg-431-2\"  class=\"panel-grid panel-has-style\" ><div class=\"arm-bt-2 panel-row-style panel-row-style-for-431-2\" ><div id=\"pgc-431-2-0\"  class=\"panel-grid-cell\" ><div id=\"panel-431-2-0-0\" class=\"so-panel widget widget_sow-editor panel-first-child panel-last-child\" data-index=\"2\" ><div\n\t\t\t\n\t\t\tclass=\"so-widget-sow-editor so-widget-sow-editor-base\"\n\t\t\t\n\t\t>\n<div class=\"siteorigin-widget-tinymce textwidget\">\n\t<h3>Prevenci\u00f3n, contrato de colaboraci\u00f3n<\/h3>\n<ul>\n<li>Implementaci\u00f3n de un proceso de gesti\u00f3n de conflictos (1 d\u00eda de trabajo) : <strong>CHF 2'500<\/strong><\/li>\n<li>Programa de sensibilizaci\u00f3n ( gerentes\/ empleados) preparaci\u00f3n y prestaci\u00f3n : <strong>CHF 2\u2019500<\/strong><\/li>\n<li>Contrato de consulta (1x 1h\/mes por coaching y acompa\u00f1amiento en resoluci\u00f3n de conflictos: <strong>CHF 300\/h - CHF 3'000\/a\u00f1o<\/strong><\/li>\n<li>Contrato anual por un pool de personas de confianza. Armonibre externos (6 personas a elecci\u00f3n) que reaccionan dentro de las 24\/48h. Por toda situaci\u00f3n conflictiva. A partir de <strong>CHF 600\/a\u00f1o<\/strong>, despu\u00e9s <strong>CHF 250\/h<\/strong> por prestaci\u00f3n).<\/li>\n<\/ul>\n<\/div>\n<\/div><\/div><\/div><div id=\"pgc-431-2-1\"  class=\"panel-grid-cell\" ><div id=\"panel-431-2-1-0\" class=\"so-panel widget widget_sow-image panel-first-child panel-last-child\" data-index=\"3\" ><div\n\t\t\t\n\t\t\tclass=\"so-widget-sow-image so-widget-sow-image-default-8b5b6f678277-431\"\n\t\t\t\n\t\t>\n<div class=\"sow-image-container\">\n\t\t<img \n\tsrc=\"https:\/\/www.armonibre.com\/wp-content\/uploads\/2023\/04\/armonibre-2.jpg\" width=\"1000\" height=\"667\" srcset=\"https:\/\/www.armonibre.com\/wp-content\/uploads\/2023\/04\/armonibre-2.jpg 1000w, https:\/\/www.armonibre.com\/wp-content\/uploads\/2023\/04\/armonibre-2-300x200.jpg 300w, https:\/\/www.armonibre.com\/wp-content\/uploads\/2023\/04\/armonibre-2-768x512.jpg 768w, https:\/\/www.armonibre.com\/wp-content\/uploads\/2023\/04\/armonibre-2-720x480.jpg 720w, https:\/\/www.armonibre.com\/wp-content\/uploads\/2023\/04\/armonibre-2-272x182.jpg 272w\" sizes=\"(max-width: 1000px) 100vw, 1000px\" alt=\"\" \t\tclass=\"so-widget-image\"\/>\n\t<\/div>\n\n<\/div><\/div><\/div><\/div><\/div><div id=\"pg-431-3\"  class=\"panel-grid panel-has-style\" ><div class=\"arm-bt-2 panel-row-style panel-row-style-for-431-3\" ><div id=\"pgc-431-3-0\"  class=\"panel-grid-cell panel-grid-cell-mobile-last\" ><div id=\"panel-431-3-0-0\" class=\"so-panel widget widget_sow-editor panel-first-child panel-last-child\" data-index=\"4\" ><div\n\t\t\t\n\t\t\tclass=\"so-widget-sow-editor so-widget-sow-editor-base\"\n\t\t\t\n\t\t>\n<div class=\"siteorigin-widget-tinymce textwidget\">\n\t<h3>Servicio de Mediaci\u00f3n<\/h3>\n<p>Hasta cuatro participantes : <strong>CHF 500\/h<\/strong>. Tarifa \u00bd jornada <strong>CHF 2'000<\/strong>, una jornada <strong>CHF 4'000<\/strong>, m\u00e1s transporte y locaci\u00f3n de sala de mediaci\u00f3n.<br \/>\nCo-mediaci\u00f3n: <strong>CHF 700\/h<\/strong> ( hasta cuatro participantes). 1\/2 jornada <strong>CHF 2'800<\/strong>, una jornada <strong>CHF 5\u2019600<\/strong>, m\u00e1s transporte y locaci\u00f3n de sala. Preparaci\u00f3n inclu\u00edda.<\/p>\n<p>M\u00e1s de cuatro participantes : Precio a determinar.<\/p>\n<p>Tenemos en cuenta la situaci\u00f3n financiera de nuestros clientes en el marco de la fijaci\u00f3n de nuestras tarifas.<\/p>\n<\/div>\n<\/div><\/div><\/div><div id=\"pgc-431-3-1\"  class=\"panel-grid-cell panel-grid-cell-empty\" ><\/div><\/div><\/div><\/div>","protected":false},"excerpt":{"rendered":"<p>Servicios de mediaci\u00f3n Para las empresas Diversos servicios ofrecidos Prevenci\u00f3n, contrato de colaboraci\u00f3n Implementaci\u00f3n de un proceso de gesti\u00f3n de conflictos (1 d\u00eda de trabajo) : CHF 2&#8217;500 Programa de sensibilizaci\u00f3n ( gerentes\/ empleados) preparaci\u00f3n y prestaci\u00f3n : CHF 2\u2019500 Contrato de consulta (1x 1h\/mes por coaching y acompa\u00f1amiento en resoluci\u00f3n de conflictos: CHF 300\/h [&hellip;]<\/p>\n","protected":false},"author":1,"featured_media":0,"parent":428,"menu_order":0,"comment_status":"closed","ping_status":"closed","template":"","meta":{"footnotes":""},"class_list":["post-431","page","type-page","status-publish","hentry","post"],"_links":{"self":[{"href":"https:\/\/www.armonibre.com\/es\/wp-json\/wp\/v2\/pages\/431","targetHints":{"allow":["GET"]}}],"collection":[{"href":"https:\/\/www.armonibre.com\/es\/wp-json\/wp\/v2\/pages"}],"about":[{"href":"https:\/\/www.armonibre.com\/es\/wp-json\/wp\/v2\/types\/page"}],"author":[{"embeddable":true,"href":"https:\/\/www.armonibre.com\/es\/wp-json\/wp\/v2\/users\/1"}],"replies":[{"embeddable":true,"href":"https:\/\/www.armonibre.com\/es\/wp-json\/wp\/v2\/comments?post=431"}],"version-history":[{"count":8,"href":"https:\/\/www.armonibre.com\/es\/wp-json\/wp\/v2\/pages\/431\/revisions"}],"predecessor-version":[{"id":499,"href":"https:\/\/www.armonibre.com\/es\/wp-json\/wp\/v2\/pages\/431\/revisions\/499"}],"up":[{"embeddable":true,"href":"https:\/\/www.armonibre.com\/es\/wp-json\/wp\/v2\/pages\/428"}],"wp:attachment":[{"href":"https:\/\/www.armonibre.com\/es\/wp-json\/wp\/v2\/media?parent=431"}],"curies":[{"name":"wp","href":"https:\/\/api.w.org\/{rel}","templated":true}]}}