{"id":434,"date":"2023-03-10T18:47:16","date_gmt":"2023-03-10T17:47:16","guid":{"rendered":"https:\/\/www.armonibre.com\/servicios\/formacion\/"},"modified":"2023-06-13T19:46:55","modified_gmt":"2023-06-13T17:46:55","slug":"formacion","status":"publish","type":"page","link":"https:\/\/www.armonibre.com\/es\/servicios\/formacion\/","title":{"rendered":"Formaci\u00f3n"},"content":{"rendered":"<div id=\"pl-434\"  class=\"panel-layout\" ><div id=\"pg-434-0\"  class=\"panel-grid panel-has-style\" ><div class=\"siteorigin-panels-stretch panel-row-style panel-row-style-for-434-0\" data-stretch-type=\"full-stretched-padded\" ><div id=\"pgc-434-0-0\"  class=\"panel-grid-cell\" ><div id=\"panel-434-0-0-0\" class=\"so-panel widget widget_sow-hero panel-first-child panel-last-child\" data-index=\"0\" ><div\n\t\t\t\n\t\t\tclass=\"so-widget-sow-hero so-widget-sow-hero-default-4572722c7afe-434 so-widget-fittext-wrapper\"\n\t\t\t data-fit-text-compressor=\"0.85\"\n\t\t>\t\t\t\t<div class=\"sow-slider-base\" style=\"display: none\" tabindex=\"0\">\n\t\t\t\t\t<ul\n\t\t\t\t\tclass=\"sow-slider-images\"\n\t\t\t\t\tdata-settings=\"{&quot;pagination&quot;:true,&quot;speed&quot;:800,&quot;timeout&quot;:8000,&quot;paused&quot;:false,&quot;pause_on_hover&quot;:false,&quot;swipe&quot;:true,&quot;nav_always_show_desktop&quot;:&quot;&quot;,&quot;nav_always_show_mobile&quot;:&quot;&quot;,&quot;breakpoint&quot;:&quot;780px&quot;,&quot;unmute&quot;:false,&quot;anchor&quot;:null}\"\n\t\t\t\t\tstyle=\"min-height: 400px\"\t\t\t\t\tdata-anchor-id=\"\"\n\t\t\t\t>\t\t<li class=\"sow-slider-image  sow-slider-image-cover\" style=\"visibility: visible;;background-color: #333333\" >\n\t\t\t\t\t<div class=\"sow-slider-image-container\">\n\t\t\t<div class=\"sow-slider-image-wrapper\">\n\t\t\t\t<h1 style=\"text-align: center\">Formaci\u00f3n<\/h1>\n<h3 style=\"text-align: center\"><\/h3>\n\t\t\t<\/div>\n\t\t<\/div>\n\t\t<div class=\"sow-slider-image-overlay sow-slider-image-cover\" style=\"opacity: 0.68;background-image: url(https:\/\/www.armonibre.com\/wp-content\/uploads\/2023\/04\/armonibre-seance-1-scaled-e1681488084344.jpg)\"  ><\/div>\t\t<\/li>\n\t\t<\/ul>\t\t\t\t<ol class=\"sow-slider-pagination\">\n\t\t\t\t\t\t\t\t\t\t\t<li><a href=\"#\" data-goto=\"0\" aria-label=\"mostrar diapositiva 1\"><\/a><\/li>\n\t\t\t\t\t\t\t\t\t<\/ol>\n\n\t\t\t\t<div class=\"sow-slide-nav sow-slide-nav-next\">\n\t\t\t\t\t<a href=\"#\" data-goto=\"next\" aria-label=\"diapositiva siguiente\" data-action=\"next\">\n\t\t\t\t\t\t<em class=\"sow-sld-icon-thin-right\"><\/em>\n\t\t\t\t\t<\/a>\n\t\t\t\t<\/div>\n\n\t\t\t\t<div class=\"sow-slide-nav sow-slide-nav-prev\">\n\t\t\t\t\t<a href=\"#\" data-goto=\"previous\" aria-label=\"diapositiva anterior\" data-action=\"prev\">\n\t\t\t\t\t\t<em class=\"sow-sld-icon-thin-left\"><\/em>\n\t\t\t\t\t<\/a>\n\t\t\t\t<\/div>\n\t\t\t\t<\/div><\/div><\/div><\/div><\/div><\/div><div id=\"pg-434-1\"  class=\"panel-grid panel-no-style\" ><div id=\"pgc-434-1-0\"  class=\"panel-grid-cell\" ><div id=\"panel-434-1-0-0\" class=\"so-panel widget widget_sow-headline panel-first-child panel-last-child\" data-index=\"1\" ><div\n\t\t\t\n\t\t\tclass=\"so-widget-sow-headline so-widget-sow-headline-default-461f0c2170f5-434\"\n\t\t\t\n\t\t><div class=\"sow-headline-container \">\n\t\t\t\t\t\t\t<h2 class=\"sow-headline\">\n\t\t\t\t\t\tPara las empresas\t\t\t\t\t\t<\/h2>\n\t\t\t\t\t\t\t\t\t\t\t\t<h3 class=\"sow-sub-headline\">\n\t\t\t\t\t\tDiversos servicios ofrecidos\t\t\t\t\t\t<\/h3>\n\t\t\t\t\t\t\t\t\t\t\t<div class=\"decoration\">\n\t\t\t\t\t\t<div class=\"decoration-inside\"><\/div>\n\t\t\t\t\t<\/div>\n\t\t\t\t\t<\/div>\n<\/div><\/div><\/div><\/div><div id=\"pg-434-2\"  class=\"panel-grid panel-has-style\" ><div class=\"arm-bt-2 panel-row-style panel-row-style-for-434-2\" ><div id=\"pgc-434-2-0\"  class=\"panel-grid-cell\" ><div id=\"panel-434-2-0-0\" class=\"so-panel widget widget_sow-editor panel-first-child panel-last-child\" data-index=\"2\" ><div\n\t\t\t\n\t\t\tclass=\"so-widget-sow-editor so-widget-sow-editor-base\"\n\t\t\t\n\t\t>\n<div class=\"siteorigin-widget-tinymce textwidget\">\n\t<h3>Formaci\u00f3n\/ Intervenci\u00f3n\/ Supervisi\u00f3n\/ An\u00e1lisis de pr\u00e1cticas<\/h3>\n<ul>\n<li>M\u00f3dulos de formaci\u00f3n para adultos (Basados en experiencias, juegos de rol, casos pr\u00e1cticos, reflexiones de los participantes) Grupos de 6 participantes por formador.<\/li>\n<li>Programa de 40 m\u00f3dulos sobre la comprensi\u00f3n del conflicto (7 d\u00edas)<\/li>\n<li>Reuniones espec\u00edficas :\n<ul>\n<li>Resoluci\u00f3n constructiva de conflictos (3 medias jornadas)<\/li>\n<li>Mediaci\u00f3n general y comercial ( a definir seg\u00fan las necesidades))<\/li>\n<li>A medida (programa a definir seg\u00fan las necesidades)<\/li>\n<\/ul>\n<\/li>\n<\/ul>\n<p>Animaci\u00f3n de intervisi\u00f3n para los mediadores y supervisi\u00f3n para las empresas ( 4 reuniones trimestrales por un total de 7 horas por a\u00f1o, con una certificaci\u00f3n reconocida por las asociaciones de mediaci\u00f3n y gesti\u00f3n de conflictos (FSM, CSMC,\u2026.) Entrega de certificados.<\/p>\n<p><strong>Tarifas :<\/strong><\/p>\n<p>Para mediadoras y mediadores :<\/p>\n<ul>\n<li>Ciclo anual de 4 reuniones de an\u00e1lisis de pr\u00e1ctica dentro de un dominio especializado <strong>CHF 490<\/strong><\/li>\n<\/ul>\n<p>Para las empresas :<\/p>\n<ul>\n<li>Toma de conocimiento del conflicto y de la problem\u00e1tica. Identificaci\u00f3n de los temas y los participantes : <strong>CHF 250\/h<\/strong><\/li>\n<li>Tarifa : 10h: 2 x 1\/2 jornada <strong>CHF 1'800<\/strong> o 1 jornada <strong>CHF 3'400<\/strong> (dos intervinientes)<\/li>\n<\/ul>\n<\/div>\n<\/div><\/div><\/div><div id=\"pgc-434-2-1\"  class=\"panel-grid-cell\" ><div id=\"panel-434-2-1-0\" class=\"so-panel widget widget_sow-image panel-first-child panel-last-child\" data-index=\"3\" ><div\n\t\t\t\n\t\t\tclass=\"so-widget-sow-image so-widget-sow-image-default-8b5b6f678277-434\"\n\t\t\t\n\t\t>\n<div class=\"sow-image-container\">\n\t\t<img \n\tsrc=\"https:\/\/www.armonibre.com\/wp-content\/uploads\/2023\/04\/armonibre-seance-1-scaled-e1681488084344.jpg\" width=\"1200\" height=\"800\" srcset=\"https:\/\/www.armonibre.com\/wp-content\/uploads\/2023\/04\/armonibre-seance-1-scaled-e1681488084344.jpg 1200w, https:\/\/www.armonibre.com\/wp-content\/uploads\/2023\/04\/armonibre-seance-1-scaled-e1681488084344-300x200.jpg 300w, https:\/\/www.armonibre.com\/wp-content\/uploads\/2023\/04\/armonibre-seance-1-scaled-e1681488084344-1024x683.jpg 1024w, https:\/\/www.armonibre.com\/wp-content\/uploads\/2023\/04\/armonibre-seance-1-scaled-e1681488084344-768x512.jpg 768w, https:\/\/www.armonibre.com\/wp-content\/uploads\/2023\/04\/armonibre-seance-1-scaled-e1681488084344-720x480.jpg 720w, https:\/\/www.armonibre.com\/wp-content\/uploads\/2023\/04\/armonibre-seance-1-scaled-e1681488084344-272x182.jpg 272w\" sizes=\"(max-width: 1200px) 100vw, 1200px\" title=\"armonibre-seance-1\" alt=\"\" \t\tclass=\"so-widget-image\"\/>\n\t<\/div>\n\n<\/div><\/div><\/div><\/div><\/div><\/div>","protected":false},"excerpt":{"rendered":"<p>Formaci\u00f3n Para las empresas Diversos servicios ofrecidos Formaci\u00f3n\/ Intervenci\u00f3n\/ Supervisi\u00f3n\/ An\u00e1lisis de pr\u00e1cticas M\u00f3dulos de formaci\u00f3n para adultos (Basados en experiencias, juegos de rol, casos pr\u00e1cticos, reflexiones de los participantes) Grupos de 6 participantes por formador. Programa de 40 m\u00f3dulos sobre la comprensi\u00f3n del conflicto (7 d\u00edas) Reuniones espec\u00edficas : Resoluci\u00f3n constructiva de conflictos (3 [&hellip;]<\/p>\n","protected":false},"author":1,"featured_media":0,"parent":428,"menu_order":0,"comment_status":"closed","ping_status":"closed","template":"","meta":{"footnotes":""},"class_list":["post-434","page","type-page","status-publish","hentry","post"],"_links":{"self":[{"href":"https:\/\/www.armonibre.com\/es\/wp-json\/wp\/v2\/pages\/434","targetHints":{"allow":["GET"]}}],"collection":[{"href":"https:\/\/www.armonibre.com\/es\/wp-json\/wp\/v2\/pages"}],"about":[{"href":"https:\/\/www.armonibre.com\/es\/wp-json\/wp\/v2\/types\/page"}],"author":[{"embeddable":true,"href":"https:\/\/www.armonibre.com\/es\/wp-json\/wp\/v2\/users\/1"}],"replies":[{"embeddable":true,"href":"https:\/\/www.armonibre.com\/es\/wp-json\/wp\/v2\/comments?post=434"}],"version-history":[{"count":8,"href":"https:\/\/www.armonibre.com\/es\/wp-json\/wp\/v2\/pages\/434\/revisions"}],"predecessor-version":[{"id":503,"href":"https:\/\/www.armonibre.com\/es\/wp-json\/wp\/v2\/pages\/434\/revisions\/503"}],"up":[{"embeddable":true,"href":"https:\/\/www.armonibre.com\/es\/wp-json\/wp\/v2\/pages\/428"}],"wp:attachment":[{"href":"https:\/\/www.armonibre.com\/es\/wp-json\/wp\/v2\/media?parent=434"}],"curies":[{"name":"wp","href":"https:\/\/api.w.org\/{rel}","templated":true}]}}