{"id":444,"date":"2023-03-10T14:47:17","date_gmt":"2023-03-10T13:47:17","guid":{"rendered":"https:\/\/www.armonibre.com\/testimonios\/"},"modified":"2023-08-23T14:54:52","modified_gmt":"2023-08-23T12:54:52","slug":"testimonios","status":"publish","type":"page","link":"https:\/\/www.armonibre.com\/es\/testimonios\/","title":{"rendered":"Testimonios"},"content":{"rendered":"<div id=\"pl-444\"  class=\"panel-layout\" ><div id=\"pg-444-0\"  class=\"panel-grid panel-has-style\" ><div class=\"siteorigin-panels-stretch panel-row-style panel-row-style-for-444-0\" data-stretch-type=\"full-stretched-padded\" ><div id=\"pgc-444-0-0\"  class=\"panel-grid-cell\" ><div id=\"panel-444-0-0-0\" class=\"so-panel widget widget_sow-hero panel-first-child panel-last-child\" data-index=\"0\" ><div\n\t\t\t\n\t\t\tclass=\"so-widget-sow-hero so-widget-sow-hero-default-4572722c7afe-444 so-widget-fittext-wrapper\"\n\t\t\t data-fit-text-compressor=\"0.85\"\n\t\t>\t\t\t\t<div class=\"sow-slider-base\" style=\"display: none\" tabindex=\"0\">\n\t\t\t\t\t<ul\n\t\t\t\t\tclass=\"sow-slider-images\"\n\t\t\t\t\tdata-settings=\"{&quot;pagination&quot;:true,&quot;speed&quot;:800,&quot;timeout&quot;:8000,&quot;paused&quot;:false,&quot;pause_on_hover&quot;:false,&quot;swipe&quot;:true,&quot;nav_always_show_desktop&quot;:&quot;&quot;,&quot;nav_always_show_mobile&quot;:&quot;&quot;,&quot;breakpoint&quot;:&quot;780px&quot;,&quot;unmute&quot;:false,&quot;anchor&quot;:null}\"\n\t\t\t\t\tstyle=\"min-height: 400px\"\t\t\t\t\tdata-anchor-id=\"\"\n\t\t\t\t>\t\t<li class=\"sow-slider-image  sow-slider-image-cover\" style=\"visibility: visible;;background-color: #333333\" >\n\t\t\t\t\t<div class=\"sow-slider-image-container\">\n\t\t\t<div class=\"sow-slider-image-wrapper\">\n\t\t\t\t<h1 style=\"text-align: center\">Testimonios<\/h1>\n\t\t\t<\/div>\n\t\t<\/div>\n\t\t<div class=\"sow-slider-image-overlay sow-slider-image-cover\" style=\"opacity: 0.75;background-image: url(https:\/\/www.armonibre.com\/wp-content\/uploads\/2023\/02\/NATHALIE-HERREN-35.jpg)\"  ><\/div>\t\t<\/li>\n\t\t<\/ul>\t\t\t\t<ol class=\"sow-slider-pagination\">\n\t\t\t\t\t\t\t\t\t\t\t<li><a href=\"#\" data-goto=\"0\" aria-label=\"mostrar diapositiva 1\"><\/a><\/li>\n\t\t\t\t\t\t\t\t\t<\/ol>\n\n\t\t\t\t<div class=\"sow-slide-nav sow-slide-nav-next\">\n\t\t\t\t\t<a href=\"#\" data-goto=\"next\" aria-label=\"diapositiva siguiente\" data-action=\"next\">\n\t\t\t\t\t\t<em class=\"sow-sld-icon-thin-right\"><\/em>\n\t\t\t\t\t<\/a>\n\t\t\t\t<\/div>\n\n\t\t\t\t<div class=\"sow-slide-nav sow-slide-nav-prev\">\n\t\t\t\t\t<a href=\"#\" data-goto=\"previous\" aria-label=\"diapositiva anterior\" data-action=\"prev\">\n\t\t\t\t\t\t<em class=\"sow-sld-icon-thin-left\"><\/em>\n\t\t\t\t\t<\/a>\n\t\t\t\t<\/div>\n\t\t\t\t<\/div><\/div><\/div><\/div><\/div><\/div><div id=\"pg-444-1\"  class=\"panel-grid panel-has-style\" ><div class=\"so-rounded panel-row-style panel-row-style-for-444-1\" ><div id=\"pgc-444-1-0\"  class=\"panel-grid-cell\" ><div id=\"panel-444-1-0-0\" class=\"so-panel widget widget_sow-image panel-first-child panel-last-child\" data-index=\"1\" ><div\n\t\t\t\n\t\t\tclass=\"so-widget-sow-image so-widget-sow-image-default-8b5b6f678277-444\"\n\t\t\t\n\t\t>\n<div class=\"sow-image-container\">\n\t\t<img \n\tsrc=\"https:\/\/www.armonibre.com\/wp-content\/uploads\/2023\/04\/logo-visilab.gif\" width=\"406\" height=\"121\" sizes=\"(max-width: 406px) 100vw, 406px\" alt=\"\" \t\tclass=\"so-widget-image\"\/>\n\t<\/div>\n\n<\/div><\/div><\/div><div id=\"pgc-444-1-1\"  class=\"panel-grid-cell\" ><div id=\"panel-444-1-1-0\" class=\"so-panel widget widget_sow-editor panel-first-child panel-last-child\" data-index=\"2\" ><div\n\t\t\t\n\t\t\tclass=\"so-widget-sow-editor so-widget-sow-editor-base\"\n\t\t\t\n\t\t>\n<div class=\"siteorigin-widget-tinymce textwidget\">\n\t<p><em>\"Estando confrontados a un conflicto entre dos empleados en posiciones claves de nuestra organizaci\u00f3n y no encontrando ninguna salida a la situaci\u00f3n, decidimos convocar a la Sra. Nathalie Herren en vista de realizar una mediaci\u00f3n. Desde el primer contacto con la Sra. Herren, est\u00e1bamos convencidos de que se trataba de una buena decisi\u00f3n y de haber elegido a la buena persona. En efecto, ella comprendi\u00f3 r\u00e1pidamente los desaf\u00edos de nuestra organizaci\u00f3n as\u00ed que de la problem\u00e1tica que llev\u00f3 al conflicto. Desde su enfoque muy humano y profesional, la Sra. Herren nos acompa\u00f1\u00f3 a los fines de bajar la tensi\u00f3n, para despu\u00e9s encontrar una soluci\u00f3n durable implicando todos los actores. Estoy convencido que la mediaci\u00f3n es la mejor de las soluciones para resolver un conflicto de este tipo, ya que este proceso es llevado a cabo por una persona totalmente neutral y ajena a la organizaci\u00f3n, adem\u00e1s de perfectamente capacitada para gestionar estos casos y acompa\u00f1ar a las distintas partes interesadas.\"<\/em><\/p>\n<p>Andr\u00e9 Guillet, ancien Responsable RH Suisse\/HR Manager Switzerland \u2013 Visilab SA<\/p>\n<\/div>\n<\/div><\/div><\/div><\/div><\/div><div id=\"pg-444-2\"  class=\"panel-grid panel-no-style\" ><div id=\"pgc-444-2-0\"  class=\"panel-grid-cell\" ><div id=\"panel-444-2-0-0\" class=\"so-panel widget widget_sow-features panel-first-child panel-last-child\" data-index=\"3\" ><div\n\t\t\t\n\t\t\tclass=\"so-widget-sow-features so-widget-sow-features-default-88cb075f3306-444\"\n\t\t\t\n\t\t><ul\n\tclass=\"sow-features-list\n\tsow-features-responsive\">\n\n\t\t\t<li\n\t\t\tclass=\"sow-features-feature sow-icon-container-position-top\"\n\t\t\tstyle=\"display: flex; flex-direction: column; width: calc(100% - 25px);\"\n\t\t>\n\t\t\t\n\t\t\t\t\t\t<div\t\t\t\tclass=\"sow-icon-container sow-container-none\"\n\t\t\t\tstyle=\"color: #ffffff; \"\n\t\t\t\t\n\t\t\t\t\t\t\t>\n\t\t\t\t<span class=\"sow-icon-materialicons sowm-regular\" data-sow-icon=\"&#xf8e4\"\n\t\tstyle=\"font-size: 180px; color: #97b6ba\" \n\t\taria-hidden=\"true\"><\/span>\t\t\t<\/div>\n\n\t\t\t<div class=\"textwidget\">\n\t\t\t\t\n\t\t\t\t\n\t\t\t\t\t\t\t<\/div>\n\t\t\t\t\t\t\t\t<\/li>\n\n\t<\/ul>\n<\/div><\/div><\/div><div id=\"pgc-444-2-1\"  class=\"panel-grid-cell\" ><div id=\"panel-444-2-1-0\" class=\"so-panel widget widget_sow-editor panel-first-child panel-last-child\" data-index=\"4\" ><div\n\t\t\t\n\t\t\tclass=\"so-widget-sow-editor so-widget-sow-editor-base\"\n\t\t\t\n\t\t>\n<div class=\"siteorigin-widget-tinymce textwidget\">\n\t<p><em>\u00ab Tuve una experiencia muy positiva con la mediadora. Su enfoque orientado hacia las soluciones me permiti\u00f3 implicarme activamente en la resoluci\u00f3n del conflicto y comprender mejor c\u00f3mo contribuir a la soluci\u00f3n. Su conocimiento del mundo profesional y sus juegos de rol preparatorios aumentaron mi confianza. Ella supo animarme a salir de mi zona de confort de manera constructiva. Gracias a sus consejos pude adoptar una nueva perspectiva de la situaci\u00f3n, tomar medidas que reforzaron mi serenidad y que, finalmente, termin\u00f3 en una situaci\u00f3n positiva. La recomiendo vivamente. \u00bb<\/em><\/p>\n<p>Patrizia, Responsable de la Comunicaci\u00f3n y Marketing.<\/p>\n<\/div>\n<\/div><\/div><\/div><\/div><\/div>","protected":false},"excerpt":{"rendered":"<p>\u00abEstando confrontados a un conflicto entre dos empleados en posiciones claves de nuestra organizaci\u00f3n y no encontrando ninguna salida a la situaci\u00f3n, decidimos convocar a la Sra. Nathalie Herren en vista de realizar una mediaci\u00f3n. Desde el primer contacto con la Sra. Herren, est\u00e1bamos convencidos de que se trataba de una buena decisi\u00f3n y de [&hellip;]<\/p>\n","protected":false},"author":1,"featured_media":0,"parent":0,"menu_order":0,"comment_status":"closed","ping_status":"closed","template":"","meta":{"footnotes":""},"class_list":["post-444","page","type-page","status-publish","hentry","post"],"_links":{"self":[{"href":"https:\/\/www.armonibre.com\/es\/wp-json\/wp\/v2\/pages\/444","targetHints":{"allow":["GET"]}}],"collection":[{"href":"https:\/\/www.armonibre.com\/es\/wp-json\/wp\/v2\/pages"}],"about":[{"href":"https:\/\/www.armonibre.com\/es\/wp-json\/wp\/v2\/types\/page"}],"author":[{"embeddable":true,"href":"https:\/\/www.armonibre.com\/es\/wp-json\/wp\/v2\/users\/1"}],"replies":[{"embeddable":true,"href":"https:\/\/www.armonibre.com\/es\/wp-json\/wp\/v2\/comments?post=444"}],"version-history":[{"count":2,"href":"https:\/\/www.armonibre.com\/es\/wp-json\/wp\/v2\/pages\/444\/revisions"}],"predecessor-version":[{"id":446,"href":"https:\/\/www.armonibre.com\/es\/wp-json\/wp\/v2\/pages\/444\/revisions\/446"}],"wp:attachment":[{"href":"https:\/\/www.armonibre.com\/es\/wp-json\/wp\/v2\/media?parent=444"}],"curies":[{"name":"wp","href":"https:\/\/api.w.org\/{rel}","templated":true}]}}